{"id":1237,"date":"2020-10-20T11:06:09","date_gmt":"2020-10-20T09:06:09","guid":{"rendered":"https:\/\/www.turinpiedmontguides.com\/?page_id=1237"},"modified":"2020-10-20T11:06:09","modified_gmt":"2020-10-20T09:06:09","slug":"blog","status":"publish","type":"page","link":"https:\/\/www.turinpiedmontguides.com\/fr\/blog\/","title":{"rendered":"Blog"},"content":{"rendered":"<div id=\"tdi_1_066\" class=\"tdc-zone\"><div class=\"tdc_zone tdi_2_0f0  wpb_row td-pb-row\"  >\n<style scoped>\n\n\/* custom css *\/\n.tdi_2_0f0{\r\n                    min-height: 0;\r\n                }\n<\/style><div id=\"tdi_3_796\" class=\"tdc-row stretch_row\"><div class=\"vc_row tdi_4_9e0 titolo-pagina wpb_row td-pb-row tdc-element-style tdc-row-content-vert-center\" >\n<style scoped>\n\n\/* custom css *\/\n.tdi_4_9e0{\r\n                    min-height: 0;\r\n                }.tdi_4_9e0,\r\n\t\t\t\t.tdi_4_9e0 .tdc-columns{\r\n\t\t\t\t    display: block;\r\n\t\t\t\t}.tdi_4_9e0 .tdc-columns{\r\n\t\t\t\t    width: 100%;\r\n\t\t\t\t}@media (min-width: 767px) {\r\n                    .tdi_4_9e0.tdc-row-content-vert-center,\r\n                    .tdi_4_9e0.tdc-row-content-vert-center .tdc-columns {\r\n                        display: flex;\r\n                        align-items: center;\r\n                        flex: 1;\r\n                    }\r\n                    .tdi_4_9e0.tdc-row-content-vert-bottom,\r\n                    .tdi_4_9e0.tdc-row-content-vert-bottom .tdc-columns {\r\n                        display: flex;\r\n                        align-items: flex-end;\r\n                        flex: 1;\r\n                    }\r\n                    .tdi_4_9e0.tdc-row-content-vert-center .td_block_wrap {\r\n                        vertical-align: middle;\r\n                    }\r\n                    .tdi_4_9e0.tdc-row-content-vert-bottom .td_block_wrap {\r\n                        vertical-align: bottom;\r\n                    }\r\n                }\n\/* inline tdc_css att *\/\n\n.tdi_4_9e0{\npadding-top:140px !important;\npadding-bottom:140px !important;\nposition:relative;\n}\n\n.tdi_4_9e0 .td_block_wrap{ text-align:left }\n\n<\/style>\n<div class=\"tdi_3_796_rand_style td-element-style\" ><div class=\"td-element-style-before\"><style>\n.tdi_3_796_rand_style > .td-element-style-before {\ncontent:'' !important;\nwidth:100% !important;\nheight:100% !important;\nposition:absolute !important;\ntop:0 !important;\nleft:0 !important;\ndisplay:block !important;\nz-index:0 !important;\nbackground-image:url(\"https:\/\/www.turinpiedmontguides.com\/wp-content\/uploads\/2020\/09\/city-tours.jpg\") !important;\nbackground-position:center bottom !important;\nbackground-size:cover !important;\n}\n<\/style><\/div><\/div><div class=\"vc_column tdi_6_233  wpb_column vc_column_container tdc-column td-pb-span12\">\n<style scoped>\n\n\/* custom css *\/\n.tdi_6_233{\r\n                    vertical-align: middle;\r\n                }.tdi_6_233 .wpb_wrapper,\r\n\t\t\t\t.tdi_6_233 .wpb_wrapper .tdc-elements{\r\n\t\t\t\t    display: block;\r\n\t\t\t\t}.tdi_6_233 .wpb_wrapper .tdc-elements{\r\n\t\t\t\t    width: 100%;\r\n\t\t\t\t}.tdi_6_233 .wpb_wrapper{\r\n\t\t\t\t    height: auto;\r\n\t\t\t\t}\n<\/style><div class=\"wpb_wrapper\"><div class=\"td_block_wrap tdb_title tdi_7_e69 tdb-page-title td-pb-border-top titolo-pagina td_block_template_1\"  data-td-block-uid=\"tdi_7_e69\" >\n<style>\n\/* custom css *\/\n.tdi_7_e69 .tdb-title-text{\r\n\t\t\t\t\tcolor: #ffffff;\r\n\t\t\t\t\r\n\t\t\t\t\ttext-transform:uppercase !important;\r\n\t\t\t\t}.tdi_7_e69 .tdb-title-line:after{\r\n\t\t\t\t\theight: 2px;\r\n\t\t\t\t\r\n\t\t\t\t\tbottom: 40%;\r\n\t\t\t\t}.tdi_7_e69 .tdb-title-line{\r\n\t\t\t\t\theight: 50px;\r\n\t\t\t\t\r\n\t\t\t\t\tmargin-left: auto;\r\n\t\t\t\t\tmargin-right: auto;\r\n\t\t\t\t}.td-theme-wrap .tdi_7_e69{\r\n\t\t\t\t\ttext-align: center;\r\n\t\t\t\t}.tdi_7_e69 .tdb-first-letter{\r\n\t\t\t\t\tleft: 0;\r\n\t\t\t\t\tright: 0;\r\n\t\t\t\t}\n<\/style><div class=\"tdb-block-inner td-fix-index\"><h1 class=\"tdb-title-text\">Sample Page Title<\/h1><div><\/div><div class=\"tdb-title-line\"><\/div><\/div><\/div><\/div><\/div><\/div><\/div><div id=\"tdi_8_71e\" class=\"tdc-row\"><div class=\"vc_row tdi_9_699  wpb_row td-pb-row\" >\n<style scoped>\n\n\/* custom css *\/\n.tdi_9_699{\r\n                    min-height: 0;\r\n                }.tdi_9_699,\r\n\t\t\t\t.tdi_9_699 .tdc-columns{\r\n\t\t\t\t    display: block;\r\n\t\t\t\t}.tdi_9_699 .tdc-columns{\r\n\t\t\t\t    width: 100%;\r\n\t\t\t\t}\n<\/style><div class=\"vc_column tdi_11_641  wpb_column vc_column_container tdc-column td-pb-span12\">\n<style scoped>\n\n\/* custom css *\/\n.tdi_11_641{\r\n                    vertical-align: baseline;\r\n                }.tdi_11_641 .wpb_wrapper,\r\n\t\t\t\t.tdi_11_641 .wpb_wrapper .tdc-elements{\r\n\t\t\t\t    display: block;\r\n\t\t\t\t}.tdi_11_641 .wpb_wrapper .tdc-elements{\r\n\t\t\t\t    width: 100%;\r\n\t\t\t\t}.tdi_11_641 .wpb_wrapper{\r\n\t\t\t\t    height: auto;\r\n\t\t\t\t}\n<\/style><div class=\"wpb_wrapper\"><\/div><\/div><\/div><\/div><div id=\"tdi_12_3e2\" class=\"tdc-row\"><div class=\"vc_row tdi_13_17c  wpb_row td-pb-row\" >\n<style scoped>\n\n\/* custom css *\/\n.tdi_13_17c{\r\n                    min-height: 0;\r\n                }.tdi_13_17c,\r\n\t\t\t\t.tdi_13_17c .tdc-columns{\r\n\t\t\t\t    display: block;\r\n\t\t\t\t}.tdi_13_17c .tdc-columns{\r\n\t\t\t\t    width: 100%;\r\n\t\t\t\t}\n<\/style><div class=\"vc_column tdi_15_2e9  wpb_column vc_column_container tdc-column td-pb-span12\">\n<style scoped>\n\n\/* custom css *\/\n.tdi_15_2e9{\r\n                    vertical-align: baseline;\r\n                }.tdi_15_2e9 .wpb_wrapper,\r\n\t\t\t\t.tdi_15_2e9 .wpb_wrapper .tdc-elements{\r\n\t\t\t\t    display: block;\r\n\t\t\t\t}.tdi_15_2e9 .wpb_wrapper .tdc-elements{\r\n\t\t\t\t    width: 100%;\r\n\t\t\t\t}.tdi_15_2e9 .wpb_wrapper{\r\n\t\t\t\t    height: auto;\r\n\t\t\t\t}\n<\/style><div class=\"wpb_wrapper\"><div class=\"td_block_wrap td_block_12 tdi_16_149 td_with_ajax_pagination td-pb-border-top td_block_template_1 td-column-3\"  data-td-block-uid=\"tdi_16_149\" >\n<style>\n\n\/* inline tdc_css att *\/\n\n.tdi_16_149{\npadding-top:30px !important;\n}\n\n<\/style><script>var block_tdi_16_149 = new tdBlock();\nblock_tdi_16_149.id = \"tdi_16_149\";\nblock_tdi_16_149.atts = '{\"category_id\":\"50\",\"tdc_css\":\"eyJhbGwiOnsicGFkZGluZy10b3AiOiIzMHB4IiwiZGlzcGxheSI6IiJ9fQ==\",\"td_filter_default_txt\":\"Tutti\",\"ajax_pagination\":\"next_prev\",\"limit\":\"8\",\"separator\":\"\",\"custom_title\":\"\",\"custom_url\":\"\",\"block_template_id\":\"\",\"m11_tl\":\"\",\"m11_el\":\"\",\"post_ids\":\"\",\"category_ids\":\"\",\"tag_slug\":\"\",\"autors_id\":\"\",\"installed_post_types\":\"\",\"sort\":\"\",\"offset\":\"\",\"show_modified_date\":\"\",\"el_class\":\"\",\"td_ajax_filter_type\":\"\",\"td_ajax_filter_ids\":\"\",\"td_ajax_preloading\":\"\",\"f_header_font_header\":\"\",\"f_header_font_title\":\"Block header\",\"f_header_font_settings\":\"\",\"f_header_font_family\":\"\",\"f_header_font_size\":\"\",\"f_header_font_line_height\":\"\",\"f_header_font_style\":\"\",\"f_header_font_weight\":\"\",\"f_header_font_transform\":\"\",\"f_header_font_spacing\":\"\",\"f_header_\":\"\",\"f_ajax_font_title\":\"Ajax categories\",\"f_ajax_font_settings\":\"\",\"f_ajax_font_family\":\"\",\"f_ajax_font_size\":\"\",\"f_ajax_font_line_height\":\"\",\"f_ajax_font_style\":\"\",\"f_ajax_font_weight\":\"\",\"f_ajax_font_transform\":\"\",\"f_ajax_font_spacing\":\"\",\"f_ajax_\":\"\",\"f_more_font_title\":\"Load more button\",\"f_more_font_settings\":\"\",\"f_more_font_family\":\"\",\"f_more_font_size\":\"\",\"f_more_font_line_height\":\"\",\"f_more_font_style\":\"\",\"f_more_font_weight\":\"\",\"f_more_font_transform\":\"\",\"f_more_font_spacing\":\"\",\"f_more_\":\"\",\"m11f_title_font_header\":\"\",\"m11f_title_font_title\":\"Article title\",\"m11f_title_font_settings\":\"\",\"m11f_title_font_family\":\"\",\"m11f_title_font_size\":\"\",\"m11f_title_font_line_height\":\"\",\"m11f_title_font_style\":\"\",\"m11f_title_font_weight\":\"\",\"m11f_title_font_transform\":\"\",\"m11f_title_font_spacing\":\"\",\"m11f_title_\":\"\",\"m11f_cat_font_title\":\"Article category tag\",\"m11f_cat_font_settings\":\"\",\"m11f_cat_font_family\":\"\",\"m11f_cat_font_size\":\"\",\"m11f_cat_font_line_height\":\"\",\"m11f_cat_font_style\":\"\",\"m11f_cat_font_weight\":\"\",\"m11f_cat_font_transform\":\"\",\"m11f_cat_font_spacing\":\"\",\"m11f_cat_\":\"\",\"m11f_meta_font_title\":\"Article meta info\",\"m11f_meta_font_settings\":\"\",\"m11f_meta_font_family\":\"\",\"m11f_meta_font_size\":\"\",\"m11f_meta_font_line_height\":\"\",\"m11f_meta_font_style\":\"\",\"m11f_meta_font_weight\":\"\",\"m11f_meta_font_transform\":\"\",\"m11f_meta_font_spacing\":\"\",\"m11f_meta_\":\"\",\"m11f_ex_font_title\":\"Article excerpt\",\"m11f_ex_font_settings\":\"\",\"m11f_ex_font_family\":\"\",\"m11f_ex_font_size\":\"\",\"m11f_ex_font_line_height\":\"\",\"m11f_ex_font_style\":\"\",\"m11f_ex_font_weight\":\"\",\"m11f_ex_font_transform\":\"\",\"m11f_ex_font_spacing\":\"\",\"m11f_ex_\":\"\",\"m11f_btn_font_title\":\"Article read more button\",\"m11f_btn_font_settings\":\"\",\"m11f_btn_font_family\":\"\",\"m11f_btn_font_size\":\"\",\"m11f_btn_font_line_height\":\"\",\"m11f_btn_font_style\":\"\",\"m11f_btn_font_weight\":\"\",\"m11f_btn_font_transform\":\"\",\"m11f_btn_font_spacing\":\"\",\"m11f_btn_\":\"\",\"ajax_pagination_infinite_stop\":\"\",\"css\":\"\",\"td_column_number\":3,\"header_color\":\"\",\"color_preset\":\"\",\"border_top\":\"\",\"class\":\"tdi_16_149\",\"tdc_css_class\":\"tdi_16_149\",\"tdc_css_class_style\":\"tdi_16_149_rand_style\"}';\nblock_tdi_16_149.td_column_number = \"3\";\nblock_tdi_16_149.block_type = \"td_block_12\";\nblock_tdi_16_149.post_count = \"2\";\nblock_tdi_16_149.found_posts = \"2\";\nblock_tdi_16_149.header_color = \"\";\nblock_tdi_16_149.ajax_pagination_infinite_stop = \"\";\nblock_tdi_16_149.max_num_pages = \"1\";\ntdBlocksArray.push(block_tdi_16_149);\n<\/script><div class=\"td-block-title-wrap\"><\/div><div id=tdi_16_149 class=\"td_block_inner\">\n\n\t<div class=\"td-block-span12\">\n\r\n        <div class=\"td_module_11 td_module_wrap td-animation-stack\">\r\n            <div class=\"td-module-thumb\"><a href=\"https:\/\/www.turinpiedmontguides.com\/fr\/la-galerie-de-lindustrie-subalpine-le-royaume-de-lelegance\/\" rel=\"bookmark\" class=\"td-image-wrap \" title=\"La galerie de l&rsquo;industrie subalpine: le royaume de l&rsquo;\u00e9l\u00e9gance\" ><img loading=\"lazy\" decoding=\"async\" class=\"entry-thumb\" src=\"data:image\/png;base64,iVBORw0KGgoAAAANSUhEUgAAAUQAAADrAQMAAAArGX0KAAAAA1BMVEWurq51dlI4AAAAAXRSTlMmkutdmwAAACBJREFUaN7twTEBAAAAwiD7pzbEXmAAAAAAAAAAAACQHSaOAAGSp1GBAAAAAElFTkSuQmCC\" alt=\"\" title=\"La galerie de l&rsquo;industrie subalpine: le royaume de l&rsquo;\u00e9l\u00e9gance\" data-type=\"image_tag\" data-img-url=\"https:\/\/www.turinpiedmontguides.com\/wp-content\/uploads\/2020\/10\/galleria-subalpina-324x235.jpg\"  width=\"324\" height=\"235\" \/><\/a><\/div>\r\n            <div class=\"item-details\">\r\n                <h3 class=\"entry-title td-module-title\"><a href=\"https:\/\/www.turinpiedmontguides.com\/fr\/la-galerie-de-lindustrie-subalpine-le-royaume-de-lelegance\/\" rel=\"bookmark\" title=\"La galerie de l&rsquo;industrie subalpine: le royaume de l&rsquo;\u00e9l\u00e9gance\">La galerie de l&rsquo;industrie subalpine: le royaume de l&rsquo;\u00e9l\u00e9gance<\/a><\/h3>\r\n                <div class=\"td-module-meta-info\">\r\n                    <a href=\"https:\/\/www.turinpiedmontguides.com\/fr\/tour\/blog-fr\/\" class=\"td-post-category\">Blog<\/a>                    <span class=\"td-post-author-name\"><a href=\"https:\/\/www.turinpiedmontguides.com\/fr\/author\/turin\/\">Turin Piedmont<\/a> <span>-<\/span> <\/span>                    <span class=\"td-post-date\"><time class=\"entry-date updated td-module-date\" datetime=\"2020-10-27T09:05:19+01:00\" >27 octobre 2020<\/time><\/span>                    <span class=\"td-module-comments\"><a href=\"https:\/\/www.turinpiedmontguides.com\/fr\/la-galerie-de-lindustrie-subalpine-le-royaume-de-lelegance\/#respond\">0<\/a><\/span>                <\/div>\r\n\r\n                <div class=\"td-excerpt\">\r\n                    La &quot;Galleria dell\u2019Industria Subalpina&quot; est l\u2019un de nos endroits pr\u00e9f\u00e9r\u00e9s \u00e0 Turin. Situ\u00e9e entre deux des places les plus anim\u00e9es de la ville, son \u00e9l\u00e9gance et son atmosph\u00e8re la rendent parfaite pour une pause...                <\/div>\r\n\r\n                <div class=\"td-read-more\">\r\n                    <a href=\"https:\/\/www.turinpiedmontguides.com\/fr\/la-galerie-de-lindustrie-subalpine-le-royaume-de-lelegance\/\">Read more<\/a>\r\n                <\/div>\r\n            <\/div>\r\n\r\n        <\/div>\r\n\r\n        \n\t<\/div> <!-- .\/td-block-span12 -->\n\n\t<div class=\"td-block-span12\">\n\r\n        <div class=\"td_module_11 td_module_wrap td-animation-stack\">\r\n            <div class=\"td-module-thumb\"><a href=\"https:\/\/www.turinpiedmontguides.com\/fr\/le-marche-de-porta-palazzo\/\" rel=\"bookmark\" class=\"td-image-wrap \" title=\"Le march\u00e9 de Porta Palazzo\" ><img loading=\"lazy\" decoding=\"async\" class=\"entry-thumb\" src=\"data:image\/png;base64,iVBORw0KGgoAAAANSUhEUgAAAUQAAADrAQMAAAArGX0KAAAAA1BMVEWurq51dlI4AAAAAXRSTlMmkutdmwAAACBJREFUaN7twTEBAAAAwiD7pzbEXmAAAAAAAAAAAACQHSaOAAGSp1GBAAAAAElFTkSuQmCC\" alt=\"\" title=\"Le march\u00e9 de Porta Palazzo\" data-type=\"image_tag\" data-img-url=\"https:\/\/www.turinpiedmontguides.com\/wp-content\/uploads\/2020\/10\/IMG_3673-324x235.jpg\"  width=\"324\" height=\"235\" \/><\/a><\/div>\r\n            <div class=\"item-details\">\r\n                <h3 class=\"entry-title td-module-title\"><a href=\"https:\/\/www.turinpiedmontguides.com\/fr\/le-marche-de-porta-palazzo\/\" rel=\"bookmark\" title=\"Le march\u00e9 de Porta Palazzo\">Le march\u00e9 de Porta Palazzo<\/a><\/h3>\r\n                <div class=\"td-module-meta-info\">\r\n                    <a href=\"https:\/\/www.turinpiedmontguides.com\/fr\/tour\/blog-fr\/\" class=\"td-post-category\">Blog<\/a>                    <span class=\"td-post-author-name\"><a href=\"https:\/\/www.turinpiedmontguides.com\/fr\/author\/turin\/\">Turin Piedmont<\/a> <span>-<\/span> <\/span>                    <span class=\"td-post-date\"><time class=\"entry-date updated td-module-date\" datetime=\"2020-10-27T08:57:38+01:00\" >27 octobre 2020<\/time><\/span>                    <span class=\"td-module-comments\"><a href=\"https:\/\/www.turinpiedmontguides.com\/fr\/le-marche-de-porta-palazzo\/#respond\">0<\/a><\/span>                <\/div>\r\n\r\n                <div class=\"td-excerpt\">\r\n                    L&#039;une des meilleures fa\u00e7ons de d\u00e9couvrir la culture locale est d&#039;entrer sur un march\u00e9.\u00a0Turin accueille le plus grand march\u00e9 d&#039;Italie ainsi que l&#039;un des plus grands d&#039;Europe.\r\n\r\n\r\n\r\nSe promener parmi les \u00e9tals ou sous le...                <\/div>\r\n\r\n                <div class=\"td-read-more\">\r\n                    <a href=\"https:\/\/www.turinpiedmontguides.com\/fr\/le-marche-de-porta-palazzo\/\">Read more<\/a>\r\n                <\/div>\r\n            <\/div>\r\n\r\n        <\/div>\r\n\r\n        \n\t<\/div> <!-- .\/td-block-span12 --><\/div><div class=\"td-next-prev-wrap\"><a href=\"#\" class=\"td-ajax-prev-page ajax-page-disabled\" id=\"prev-page-tdi_16_149\" data-td_block_id=\"tdi_16_149\"><i class=\"td-icon-font td-icon-menu-left\"><\/i><\/a><a href=\"#\"  class=\"td-ajax-next-page ajax-page-disabled\" id=\"next-page-tdi_16_149\" data-td_block_id=\"tdi_16_149\"><i class=\"td-icon-font td-icon-menu-right\"><\/i><\/a><\/div><\/div> <!-- .\/block --><div class=\"wpb_wrapper td_block_empty_space td_block_wrap vc_empty_space tdi_18_14c \"  style=\"height: 40px\"><\/div><\/div><\/div><\/div><\/div><\/div><\/div>","protected":false},"excerpt":{"rendered":"","protected":false},"author":1,"featured_media":0,"parent":0,"menu_order":0,"comment_status":"closed","ping_status":"closed","template":"","meta":{"footnotes":""},"yoast_head":"<!-- This site is optimized with the Yoast SEO plugin v23.5 - https:\/\/yoast.com\/wordpress\/plugins\/seo\/ -->\n<title>Blog - Turin Piedmont Guides - Enjoy Piedmont<\/title>\n<meta name=\"robots\" content=\"index, follow, max-snippet:-1, max-image-preview:large, max-video-preview:-1\" \/>\n<link rel=\"canonical\" href=\"https:\/\/www.turinpiedmontguides.com\/fr\/blog\/\" \/>\n<meta property=\"og:locale\" content=\"fr_FR\" \/>\n<meta property=\"og:type\" content=\"article\" \/>\n<meta property=\"og:title\" content=\"Blog - Turin Piedmont Guides - Enjoy Piedmont\" \/>\n<meta property=\"og:url\" content=\"https:\/\/www.turinpiedmontguides.com\/fr\/blog\/\" \/>\n<meta property=\"og:site_name\" content=\"Turin Piedmont Guides - Enjoy Piedmont\" \/>\n<meta name=\"twitter:card\" content=\"summary_large_image\" \/>\n<meta name=\"twitter:label1\" content=\"Dur\u00e9e de lecture estim\u00e9e\" \/>\n\t<meta name=\"twitter:data1\" content=\"1 minute\" \/>\n<script type=\"application\/ld+json\" class=\"yoast-schema-graph\">{\"@context\":\"https:\/\/schema.org\",\"@graph\":[{\"@type\":\"WebPage\",\"@id\":\"https:\/\/www.turinpiedmontguides.com\/fr\/blog\/\",\"url\":\"https:\/\/www.turinpiedmontguides.com\/fr\/blog\/\",\"name\":\"Blog - Turin Piedmont Guides - Enjoy Piedmont\",\"isPartOf\":{\"@id\":\"https:\/\/www.turinpiedmontguides.com\/#website\"},\"datePublished\":\"2020-10-20T09:06:09+00:00\",\"dateModified\":\"2020-10-20T09:06:09+00:00\",\"breadcrumb\":{\"@id\":\"https:\/\/www.turinpiedmontguides.com\/fr\/blog\/#breadcrumb\"},\"inLanguage\":\"fr-FR\",\"potentialAction\":[{\"@type\":\"ReadAction\",\"target\":[\"https:\/\/www.turinpiedmontguides.com\/fr\/blog\/\"]}]},{\"@type\":\"BreadcrumbList\",\"@id\":\"https:\/\/www.turinpiedmontguides.com\/fr\/blog\/#breadcrumb\",\"itemListElement\":[{\"@type\":\"ListItem\",\"position\":1,\"name\":\"Home\",\"item\":\"https:\/\/www.turinpiedmontguides.com\/fr\/\"},{\"@type\":\"ListItem\",\"position\":2,\"name\":\"Blog\"}]},{\"@type\":\"WebSite\",\"@id\":\"https:\/\/www.turinpiedmontguides.com\/#website\",\"url\":\"https:\/\/www.turinpiedmontguides.com\/\",\"name\":\"Turin Piedmon Guides - Enjoy Piedmont\",\"description\":\"Visite guidate ed escursioni personalizzabili\",\"publisher\":{\"@id\":\"https:\/\/www.turinpiedmontguides.com\/#organization\"},\"potentialAction\":[{\"@type\":\"SearchAction\",\"target\":{\"@type\":\"EntryPoint\",\"urlTemplate\":\"https:\/\/www.turinpiedmontguides.com\/?s={search_term_string}\"},\"query-input\":{\"@type\":\"PropertyValueSpecification\",\"valueRequired\":true,\"valueName\":\"search_term_string\"}}],\"inLanguage\":\"fr-FR\"},{\"@type\":\"Organization\",\"@id\":\"https:\/\/www.turinpiedmontguides.com\/#organization\",\"name\":\"Turin Piedmon Guides - Enjoy Piedmont\",\"url\":\"https:\/\/www.turinpiedmontguides.com\/\",\"logo\":{\"@type\":\"ImageObject\",\"inLanguage\":\"fr-FR\",\"@id\":\"https:\/\/www.turinpiedmontguides.com\/#\/schema\/logo\/image\/\",\"url\":\"https:\/\/www.turinpiedmontguides.com\/wp-content\/uploads\/2020\/09\/logo-turin-v5-100h-1.png\",\"contentUrl\":\"https:\/\/www.turinpiedmontguides.com\/wp-content\/uploads\/2020\/09\/logo-turin-v5-100h-1.png\",\"width\":252,\"height\":100,\"caption\":\"Turin Piedmon Guides - Enjoy Piedmont\"},\"image\":{\"@id\":\"https:\/\/www.turinpiedmontguides.com\/#\/schema\/logo\/image\/\"}}]}<\/script>\n<!-- \/ Yoast SEO plugin. -->","yoast_head_json":{"title":"Blog - Turin Piedmont Guides - Enjoy Piedmont","robots":{"index":"index","follow":"follow","max-snippet":"max-snippet:-1","max-image-preview":"max-image-preview:large","max-video-preview":"max-video-preview:-1"},"canonical":"https:\/\/www.turinpiedmontguides.com\/fr\/blog\/","og_locale":"fr_FR","og_type":"article","og_title":"Blog - Turin Piedmont Guides - Enjoy Piedmont","og_url":"https:\/\/www.turinpiedmontguides.com\/fr\/blog\/","og_site_name":"Turin Piedmont Guides - Enjoy Piedmont","twitter_card":"summary_large_image","twitter_misc":{"Dur\u00e9e de lecture estim\u00e9e":"1 minute"},"schema":{"@context":"https:\/\/schema.org","@graph":[{"@type":"WebPage","@id":"https:\/\/www.turinpiedmontguides.com\/fr\/blog\/","url":"https:\/\/www.turinpiedmontguides.com\/fr\/blog\/","name":"Blog - Turin Piedmont Guides - Enjoy Piedmont","isPartOf":{"@id":"https:\/\/www.turinpiedmontguides.com\/#website"},"datePublished":"2020-10-20T09:06:09+00:00","dateModified":"2020-10-20T09:06:09+00:00","breadcrumb":{"@id":"https:\/\/www.turinpiedmontguides.com\/fr\/blog\/#breadcrumb"},"inLanguage":"fr-FR","potentialAction":[{"@type":"ReadAction","target":["https:\/\/www.turinpiedmontguides.com\/fr\/blog\/"]}]},{"@type":"BreadcrumbList","@id":"https:\/\/www.turinpiedmontguides.com\/fr\/blog\/#breadcrumb","itemListElement":[{"@type":"ListItem","position":1,"name":"Home","item":"https:\/\/www.turinpiedmontguides.com\/fr\/"},{"@type":"ListItem","position":2,"name":"Blog"}]},{"@type":"WebSite","@id":"https:\/\/www.turinpiedmontguides.com\/#website","url":"https:\/\/www.turinpiedmontguides.com\/","name":"Turin Piedmon Guides - Enjoy Piedmont","description":"Visite guidate ed escursioni personalizzabili","publisher":{"@id":"https:\/\/www.turinpiedmontguides.com\/#organization"},"potentialAction":[{"@type":"SearchAction","target":{"@type":"EntryPoint","urlTemplate":"https:\/\/www.turinpiedmontguides.com\/?s={search_term_string}"},"query-input":{"@type":"PropertyValueSpecification","valueRequired":true,"valueName":"search_term_string"}}],"inLanguage":"fr-FR"},{"@type":"Organization","@id":"https:\/\/www.turinpiedmontguides.com\/#organization","name":"Turin Piedmon Guides - Enjoy Piedmont","url":"https:\/\/www.turinpiedmontguides.com\/","logo":{"@type":"ImageObject","inLanguage":"fr-FR","@id":"https:\/\/www.turinpiedmontguides.com\/#\/schema\/logo\/image\/","url":"https:\/\/www.turinpiedmontguides.com\/wp-content\/uploads\/2020\/09\/logo-turin-v5-100h-1.png","contentUrl":"https:\/\/www.turinpiedmontguides.com\/wp-content\/uploads\/2020\/09\/logo-turin-v5-100h-1.png","width":252,"height":100,"caption":"Turin Piedmon Guides - Enjoy Piedmont"},"image":{"@id":"https:\/\/www.turinpiedmontguides.com\/#\/schema\/logo\/image\/"}}]}},"_links":{"self":[{"href":"https:\/\/www.turinpiedmontguides.com\/fr\/wp-json\/wp\/v2\/pages\/1237"}],"collection":[{"href":"https:\/\/www.turinpiedmontguides.com\/fr\/wp-json\/wp\/v2\/pages"}],"about":[{"href":"https:\/\/www.turinpiedmontguides.com\/fr\/wp-json\/wp\/v2\/types\/page"}],"author":[{"embeddable":true,"href":"https:\/\/www.turinpiedmontguides.com\/fr\/wp-json\/wp\/v2\/users\/1"}],"replies":[{"embeddable":true,"href":"https:\/\/www.turinpiedmontguides.com\/fr\/wp-json\/wp\/v2\/comments?post=1237"}],"version-history":[{"count":1,"href":"https:\/\/www.turinpiedmontguides.com\/fr\/wp-json\/wp\/v2\/pages\/1237\/revisions"}],"predecessor-version":[{"id":1254,"href":"https:\/\/www.turinpiedmontguides.com\/fr\/wp-json\/wp\/v2\/pages\/1237\/revisions\/1254"}],"wp:attachment":[{"href":"https:\/\/www.turinpiedmontguides.com\/fr\/wp-json\/wp\/v2\/media?parent=1237"}],"curies":[{"name":"wp","href":"https:\/\/api.w.org\/{rel}","templated":true}]}}