{"id":1059,"date":"2020-09-30T11:06:22","date_gmt":"2020-09-30T09:06:22","guid":{"rendered":"https:\/\/www.turinpiedmontguides.com\/agenzie-e-tour-operators\/"},"modified":"2020-10-12T16:02:36","modified_gmt":"2020-10-12T14:02:36","slug":"voyagistes","status":"publish","type":"page","link":"https:\/\/www.turinpiedmontguides.com\/fr\/voyagistes\/","title":{"rendered":"Voyagistes"},"content":{"rendered":"<div id=\"tdi_1_e5a\" class=\"tdc-zone\"><div class=\"tdc_zone tdi_2_e65  wpb_row td-pb-row\"  >\n<style scoped>\n\n\/* custom css *\/\n.tdi_2_e65{\r\n                    min-height: 0;\r\n                }\n<\/style><div id=\"tdi_3_9d4\" class=\"tdc-row stretch_row\"><div class=\"vc_row tdi_4_116 titolo-pagina wpb_row td-pb-row tdc-element-style\" >\n<style scoped>\n\n\/* custom css *\/\n.tdi_4_116{\r\n                    min-height: 0;\r\n                }.tdi_4_116,\r\n\t\t\t\t.tdi_4_116 .tdc-columns{\r\n\t\t\t\t    display: block;\r\n\t\t\t\t}.tdi_4_116 .tdc-columns{\r\n\t\t\t\t    width: 100%;\r\n\t\t\t\t}\n\/* inline tdc_css att *\/\n\n.tdi_4_116{\npadding-top:140px !important;\npadding-bottom:140px !important;\nposition:relative;\n}\n\n.tdi_4_116 .td_block_wrap{ text-align:left }\n\n<\/style>\n<div class=\"tdi_3_9d4_rand_style td-element-style\" ><div class=\"td-element-style-before\"><style>\n.tdi_3_9d4_rand_style > .td-element-style-before {\ncontent:'' !important;\nwidth:100% !important;\nheight:100% !important;\nposition:absolute !important;\ntop:0 !important;\nleft:0 !important;\ndisplay:block !important;\nz-index:0 !important;\nbackground-image:url(\"https:\/\/www.turinpiedmontguides.com\/wp-content\/uploads\/2020\/09\/travel_agency.jpg\") !important;\nbackground-position:right center !important;\nbackground-size:cover !important;\n}\n<\/style><\/div><\/div><div class=\"vc_column tdi_6_343  wpb_column vc_column_container tdc-column td-pb-span12\">\n<style scoped>\n\n\/* custom css *\/\n.tdi_6_343{\r\n                    vertical-align: baseline;\r\n                }.tdi_6_343 .wpb_wrapper,\r\n\t\t\t\t.tdi_6_343 .wpb_wrapper .tdc-elements{\r\n\t\t\t\t    display: block;\r\n\t\t\t\t}.tdi_6_343 .wpb_wrapper .tdc-elements{\r\n\t\t\t\t    width: 100%;\r\n\t\t\t\t}.tdi_6_343 .wpb_wrapper{\r\n\t\t\t\t    height: auto;\r\n\t\t\t\t}\n<\/style><div class=\"wpb_wrapper\"><div class=\"td_block_wrap tdb_title tdi_7_7ea tdb-page-title td-pb-border-top titolo-pagina td_block_template_1\"  data-td-block-uid=\"tdi_7_7ea\" >\n<style>\n\/* custom css *\/\n.tdi_7_7ea .tdb-title-text{\r\n\t\t\t\t\tcolor: #ffffff;\r\n\t\t\t\t\r\n\t\t\t\t\ttext-transform:uppercase !important;\r\n\t\t\t\t}.tdi_7_7ea .tdb-add-text{\r\n\t\t\t\t\tcolor: #dd3333;\r\n\t\t\t\t}.tdi_7_7ea .tdb-title-line:after{\r\n\t\t\t\t\theight: 2px;\r\n\t\t\t\t\r\n\t\t\t\t\tbottom: 40%;\r\n\t\t\t\t\r\n\t\t\t\t\tbackground: #848484;\r\n\t\t\t\t}.tdi_7_7ea .tdb-title-line{\r\n\t\t\t\t\theight: 50px;\r\n\t\t\t\t\r\n\t\t\t\t\tmargin-left: auto;\r\n\t\t\t\t\tmargin-right: auto;\r\n\t\t\t\t}.td-theme-wrap .tdi_7_7ea{\r\n\t\t\t\t\ttext-align: center;\r\n\t\t\t\t}.tdi_7_7ea .tdb-first-letter{\r\n\t\t\t\t\tleft: 0;\r\n\t\t\t\t\tright: 0;\r\n\t\t\t\t}\n<\/style><div class=\"tdb-block-inner td-fix-index\"><h1 class=\"tdb-title-text\">Sample Page Title<\/h1><div><\/div><div class=\"tdb-title-line\"><\/div><\/div><\/div><\/div><\/div><\/div><\/div><div id=\"tdi_8_9aa\" class=\"tdc-row\"><div class=\"vc_row tdi_9_349  wpb_row td-pb-row\" >\n<style scoped>\n\n\/* custom css *\/\n.tdi_9_349{\r\n                    min-height: 0;\r\n                }.tdi_9_349,\r\n\t\t\t\t.tdi_9_349 .tdc-columns{\r\n\t\t\t\t    display: block;\r\n\t\t\t\t}.tdi_9_349 .tdc-columns{\r\n\t\t\t\t    width: 100%;\r\n\t\t\t\t}\n<\/style><div class=\"vc_column tdi_11_7d3  wpb_column vc_column_container tdc-column td-pb-span12\">\n<style scoped>\n\n\/* custom css *\/\n.tdi_11_7d3{\r\n                    vertical-align: baseline;\r\n                }.tdi_11_7d3 .wpb_wrapper,\r\n\t\t\t\t.tdi_11_7d3 .wpb_wrapper .tdc-elements{\r\n\t\t\t\t    display: block;\r\n\t\t\t\t}.tdi_11_7d3 .wpb_wrapper .tdc-elements{\r\n\t\t\t\t    width: 100%;\r\n\t\t\t\t}.tdi_11_7d3 .wpb_wrapper{\r\n\t\t\t\t    height: auto;\r\n\t\t\t\t}\n<\/style><div class=\"wpb_wrapper\"><div class=\"td_block_wrap td_block_text_with_title tdi_12_2ad tagdiv-type td-pb-border-top td_block_template_1\"  data-td-block-uid=\"tdi_12_2ad\" ><div class=\"td-block-title-wrap\"><\/div><div class=\"td_mod_wrap td-fix-index\"><h1 style=\"text-align: center;\">Sei un Agente di viaggio o un Tour Operator?<\/h1>\n<p style=\"text-align: center;\">Lasciati coccolare. Beneficia dei nostri servizi di consulenza per pianificare il miglior tour possibile per i tuoi clienti<\/p>\n<\/div><\/div><\/div><\/div><\/div><\/div><div id=\"tdi_13_b94\" class=\"tdc-row\"><div class=\"vc_row tdi_14_49b  wpb_row td-pb-row\" >\n<style scoped>\n\n\/* custom css *\/\n.tdi_14_49b{\r\n                    min-height: 0;\r\n                }.tdi_14_49b,\r\n\t\t\t\t.tdi_14_49b .tdc-columns{\r\n\t\t\t\t    display: block;\r\n\t\t\t\t}.tdi_14_49b .tdc-columns{\r\n\t\t\t\t    width: 100%;\r\n\t\t\t\t}\n<\/style><div class=\"vc_column tdi_16_e64  wpb_column vc_column_container tdc-column td-pb-span4\">\n<style scoped>\n\n\/* custom css *\/\n.tdi_16_e64{\r\n                    vertical-align: baseline;\r\n                }.tdi_16_e64 .wpb_wrapper,\r\n\t\t\t\t.tdi_16_e64 .wpb_wrapper .tdc-elements{\r\n\t\t\t\t    display: block;\r\n\t\t\t\t}.tdi_16_e64 .wpb_wrapper .tdc-elements{\r\n\t\t\t\t    width: 100%;\r\n\t\t\t\t}.tdi_16_e64 .wpb_wrapper{\r\n\t\t\t\t    height: auto;\r\n\t\t\t\t}\n<\/style><div class=\"wpb_wrapper\"><div class=\"wpb_wrapper wpb_text_column td_block_wrap td_block_wrap vc_column_text tdi_17_7dd  tagdiv-type td-pb-border-top td_block_template_1\"  data-td-block-uid=\"tdi_17_7dd\" ><div class=\"td-block-title-wrap\"><\/div><div class=\"td-fix-index\"><p><img loading=\"lazy\" decoding=\"async\" class=\"aligncenter wp-image-576 size-large\" src=\"https:\/\/www.turinpiedmontguides.com\/wp-content\/uploads\/2020\/09\/city-tours-1024x691.jpg\" alt=\"\" width=\"696\" height=\"470\" srcset=\"https:\/\/www.turinpiedmontguides.com\/wp-content\/uploads\/2020\/09\/city-tours-1024x691.jpg 1024w, https:\/\/www.turinpiedmontguides.com\/wp-content\/uploads\/2020\/09\/city-tours-300x203.jpg 300w, https:\/\/www.turinpiedmontguides.com\/wp-content\/uploads\/2020\/09\/city-tours-768x518.jpg 768w, https:\/\/www.turinpiedmontguides.com\/wp-content\/uploads\/2020\/09\/city-tours-696x470.jpg 696w, https:\/\/www.turinpiedmontguides.com\/wp-content\/uploads\/2020\/09\/city-tours-1068x721.jpg 1068w, https:\/\/www.turinpiedmontguides.com\/wp-content\/uploads\/2020\/09\/city-tours-622x420.jpg 622w, https:\/\/www.turinpiedmontguides.com\/wp-content\/uploads\/2020\/09\/city-tours.jpg 1200w\" sizes=\"(max-width: 696px) 100vw, 696px\" \/><\/p>\n<h3 style=\"text-align: center;\">City tours ed escursioni a Torino e in Piemonte<\/h3>\n<p style=\"text-align: justify;\">Vuoi fornire ai tuoi clienti visite ed esperienze interessanti a Torino e in Piemonte ma non hai familiarit\u00e0 con la zona? Non ti preoccupare, siamo qui per aiutarti. Affidati ai nostri servizi di consulenza per pianificare il soggiorno dei tuoi clienti, progettare l&rsquo;itinerario migliore e scegliere le opzioni pi\u00f9 adatte per rendere memorabile la loro visita.<\/p>\n<p style=\"text-align: justify;\">Ti aiutiamo a identificare le visite pi\u00f9 appropriate in base agli interessi, ai desideri e al budget dei tuoi clienti, nonch\u00e9 le attivit\u00e0 pi\u00f9 intriganti e pratiche quali i laboratori di cucina, le degustazioni di cibi locali e vini, visite turistiche e altro ancora. I nostri servizi di consulenza ti aiuteranno a personalizzare la tua offerta.<\/p>\n<\/div><\/div><\/div><\/div><div class=\"vc_column tdi_19_d94  wpb_column vc_column_container tdc-column td-pb-span4\">\n<style scoped>\n\n\/* custom css *\/\n.tdi_19_d94{\r\n                    vertical-align: baseline;\r\n                }.tdi_19_d94 .wpb_wrapper,\r\n\t\t\t\t.tdi_19_d94 .wpb_wrapper .tdc-elements{\r\n\t\t\t\t    display: block;\r\n\t\t\t\t}.tdi_19_d94 .wpb_wrapper .tdc-elements{\r\n\t\t\t\t    width: 100%;\r\n\t\t\t\t}.tdi_19_d94 .wpb_wrapper{\r\n\t\t\t\t    height: auto;\r\n\t\t\t\t}\n<\/style><div class=\"wpb_wrapper\"><div class=\"wpb_wrapper wpb_text_column td_block_wrap td_block_wrap vc_column_text tdi_20_dd0  tagdiv-type td-pb-border-top td_block_template_1\"  data-td-block-uid=\"tdi_20_dd0\" ><div class=\"td-block-title-wrap\"><\/div><div class=\"td-fix-index\"><p><img loading=\"lazy\" decoding=\"async\" class=\"alignnone size-full wp-image-579\" src=\"https:\/\/www.turinpiedmontguides.com\/wp-content\/uploads\/2020\/09\/tour-leading.jpg\" alt=\"\" width=\"1200\" height=\"810\" srcset=\"https:\/\/www.turinpiedmontguides.com\/wp-content\/uploads\/2020\/09\/tour-leading.jpg 1200w, https:\/\/www.turinpiedmontguides.com\/wp-content\/uploads\/2020\/09\/tour-leading-300x203.jpg 300w, https:\/\/www.turinpiedmontguides.com\/wp-content\/uploads\/2020\/09\/tour-leading-1024x691.jpg 1024w, https:\/\/www.turinpiedmontguides.com\/wp-content\/uploads\/2020\/09\/tour-leading-768x518.jpg 768w, https:\/\/www.turinpiedmontguides.com\/wp-content\/uploads\/2020\/09\/tour-leading-696x470.jpg 696w, https:\/\/www.turinpiedmontguides.com\/wp-content\/uploads\/2020\/09\/tour-leading-1068x721.jpg 1068w, https:\/\/www.turinpiedmontguides.com\/wp-content\/uploads\/2020\/09\/tour-leading-622x420.jpg 622w\" sizes=\"(max-width: 1200px) 100vw, 1200px\" \/><\/p>\n<h3 style=\"text-align: center;\">Tour Leading<\/h3>\n<p style=\"text-align: justify;\">Sei alla ricerca di accompagnatori turistici per i tuoi gruppi? Lavoriamo tutti come tour director e abbiamo guidato moltissimi tour in Italia e all\u2019estero per diverse agenzie di viaggio e tour operator nazionali e internazionali. Affidati a noi per rendere i tuoi tour esperienze indimenticabili e per risolvere ed appianare le difficolt\u00e0 che potrebbero insorgere.<\/p>\n<\/div><\/div><\/div><\/div><div class=\"vc_column tdi_22_2e7  wpb_column vc_column_container tdc-column td-pb-span4\">\n<style scoped>\n\n\/* custom css *\/\n.tdi_22_2e7{\r\n                    vertical-align: baseline;\r\n                }.tdi_22_2e7 .wpb_wrapper,\r\n\t\t\t\t.tdi_22_2e7 .wpb_wrapper .tdc-elements{\r\n\t\t\t\t    display: block;\r\n\t\t\t\t}.tdi_22_2e7 .wpb_wrapper .tdc-elements{\r\n\t\t\t\t    width: 100%;\r\n\t\t\t\t}.tdi_22_2e7 .wpb_wrapper{\r\n\t\t\t\t    height: auto;\r\n\t\t\t\t}\n<\/style><div class=\"wpb_wrapper\"><div class=\"wpb_wrapper wpb_text_column td_block_wrap td_block_wrap vc_column_text tdi_23_4de  tagdiv-type td-pb-border-top td_block_template_1\"  data-td-block-uid=\"tdi_23_4de\" ><div class=\"td-block-title-wrap\"><\/div><div class=\"td-fix-index\"><p><img loading=\"lazy\" decoding=\"async\" class=\"alignnone size-full wp-image-582\" src=\"https:\/\/www.turinpiedmontguides.com\/wp-content\/uploads\/2020\/09\/conferenze.jpg\" alt=\"\" width=\"1200\" height=\"810\" srcset=\"https:\/\/www.turinpiedmontguides.com\/wp-content\/uploads\/2020\/09\/conferenze.jpg 1200w, https:\/\/www.turinpiedmontguides.com\/wp-content\/uploads\/2020\/09\/conferenze-300x203.jpg 300w, https:\/\/www.turinpiedmontguides.com\/wp-content\/uploads\/2020\/09\/conferenze-1024x691.jpg 1024w, https:\/\/www.turinpiedmontguides.com\/wp-content\/uploads\/2020\/09\/conferenze-768x518.jpg 768w, https:\/\/www.turinpiedmontguides.com\/wp-content\/uploads\/2020\/09\/conferenze-696x470.jpg 696w, https:\/\/www.turinpiedmontguides.com\/wp-content\/uploads\/2020\/09\/conferenze-1068x721.jpg 1068w, https:\/\/www.turinpiedmontguides.com\/wp-content\/uploads\/2020\/09\/conferenze-622x420.jpg 622w\" sizes=\"(max-width: 1200px) 100vw, 1200px\" \/><\/p>\n<h3 style=\"text-align: center;\">Non hai trovato quello che cercavi?<\/h3>\n<p style=\"text-align: justify;\">Stai organizzando un evento a Torino e \/ o nella Regione Piemonte? Ti possiamo fornire una serie di servizi aggiuntivi che ti aiuteranno a semplificare la progettazione e la pianificazione.<\/p>\n<p>Ecco un elenco dei servizi richiesti pi\u00f9 di frequente:<\/p>\n<ul id=\"block-e1336207-14ba-4c96-bba7-3d920f5a36b7\" class=\"block-editor-block-list__block wp-block is-selected rich-text block-editor-rich-text__editable\" tabindex=\"0\" role=\"textbox\" contenteditable=\"true\" aria-label=\"Write list\u2026\" aria-multiline=\"true\" data-block=\"e1336207-14ba-4c96-bba7-3d920f5a36b7\" data-type=\"core\/list\" data-title=\"List\">\n<li>Transfer aeroportuali\/meet and greet<\/li>\n<li>Assistenza alberghiera<\/li>\n<li>Assistenza per congressi, convegni ed eventi<\/li>\n<li>Stewarding per piccoli, medi e grandi eventi<\/li>\n<\/ul>\n<\/div><\/div><\/div><\/div><\/div><\/div><div id=\"tdi_24_634\" class=\"tdc-row\"><div class=\"vc_row tdi_25_7ae  wpb_row td-pb-row\" >\n<style scoped>\n\n\/* custom css *\/\n.tdi_25_7ae{\r\n                    min-height: 0;\r\n                }.tdi_25_7ae,\r\n\t\t\t\t.tdi_25_7ae .tdc-columns{\r\n\t\t\t\t    display: block;\r\n\t\t\t\t}.tdi_25_7ae .tdc-columns{\r\n\t\t\t\t    width: 100%;\r\n\t\t\t\t}\n<\/style><div class=\"vc_column tdi_27_5ed  wpb_column vc_column_container tdc-column td-pb-span12\">\n<style scoped>\n\n\/* custom css *\/\n.tdi_27_5ed{\r\n                    vertical-align: baseline;\r\n                }.tdi_27_5ed .wpb_wrapper,\r\n\t\t\t\t.tdi_27_5ed .wpb_wrapper .tdc-elements{\r\n\t\t\t\t    display: block;\r\n\t\t\t\t}.tdi_27_5ed .wpb_wrapper .tdc-elements{\r\n\t\t\t\t    width: 100%;\r\n\t\t\t\t}.tdi_27_5ed .wpb_wrapper{\r\n\t\t\t\t    height: auto;\r\n\t\t\t\t}\n<\/style><div class=\"wpb_wrapper\"><div class=\"td_block_wrap td_block_title tdi_28_a7a td-pb-border-top td_block_template_18 td-fix-index\"  data-td-block-uid=\"tdi_28_a7a\" >\n<style>\n.tdi_28_a7a .td-block-title > span,\r\n            .tdi_28_a7a .td-block-title > a {\r\n                background: #06d3d5 !important;\r\n                background: -moz-linear-gradient(-68deg, #0abab5 30%, #2a81cb 80%) !important;\r\n                background: -webkit-linear-gradient(-68deg, #0abab5 30%,#2a81cb 80%) !important;\r\n                background: linear-gradient(156deg, #0abab5 30%,#2a81cb 80%) !important;\r\n                -webkit-background-clip: text !important;\r\n                -webkit-text-fill-color: transparent;\r\n            }\n<\/style><h4 class=\"td-block-title\"><span>Ci\u00f2 che non hai mai visto lo trovi dove non sei mai stato <\/span><div class=\"td-block-subtitle\">Proverbio Swahili <\/div><\/h4><\/div><\/div><\/div><\/div><\/div><\/div><\/div>","protected":false},"excerpt":{"rendered":"","protected":false},"author":1,"featured_media":0,"parent":0,"menu_order":0,"comment_status":"closed","ping_status":"closed","template":"","meta":{"footnotes":""},"yoast_head":"<!-- This site is optimized with the Yoast SEO plugin v23.5 - https:\/\/yoast.com\/wordpress\/plugins\/seo\/ -->\n<title>Voyagistes - Turin Piedmont Guides - Enjoy Piedmont<\/title>\n<meta name=\"robots\" content=\"index, follow, max-snippet:-1, max-image-preview:large, max-video-preview:-1\" \/>\n<link rel=\"canonical\" href=\"https:\/\/www.turinpiedmontguides.com\/fr\/voyagistes\/\" \/>\n<meta property=\"og:locale\" content=\"fr_FR\" \/>\n<meta property=\"og:type\" content=\"article\" \/>\n<meta property=\"og:title\" content=\"Voyagistes - Turin Piedmont Guides - Enjoy Piedmont\" \/>\n<meta property=\"og:url\" content=\"https:\/\/www.turinpiedmontguides.com\/fr\/voyagistes\/\" \/>\n<meta property=\"og:site_name\" content=\"Turin Piedmont Guides - Enjoy Piedmont\" \/>\n<meta property=\"article:modified_time\" content=\"2020-10-12T14:02:36+00:00\" \/>\n<meta property=\"og:image\" content=\"https:\/\/www.turinpiedmontguides.com\/wp-content\/uploads\/2020\/09\/city-tours-1024x691.jpg\" \/>\n<meta name=\"twitter:card\" content=\"summary_large_image\" \/>\n<meta name=\"twitter:label1\" content=\"Dur\u00e9e de lecture estim\u00e9e\" \/>\n\t<meta name=\"twitter:data1\" content=\"2 minutes\" \/>\n<script type=\"application\/ld+json\" class=\"yoast-schema-graph\">{\"@context\":\"https:\/\/schema.org\",\"@graph\":[{\"@type\":\"WebPage\",\"@id\":\"https:\/\/www.turinpiedmontguides.com\/fr\/voyagistes\/\",\"url\":\"https:\/\/www.turinpiedmontguides.com\/fr\/voyagistes\/\",\"name\":\"Voyagistes - Turin Piedmont Guides - Enjoy Piedmont\",\"isPartOf\":{\"@id\":\"https:\/\/www.turinpiedmontguides.com\/#website\"},\"primaryImageOfPage\":{\"@id\":\"https:\/\/www.turinpiedmontguides.com\/fr\/voyagistes\/#primaryimage\"},\"image\":{\"@id\":\"https:\/\/www.turinpiedmontguides.com\/fr\/voyagistes\/#primaryimage\"},\"thumbnailUrl\":\"https:\/\/www.turinpiedmontguides.com\/wp-content\/uploads\/2020\/09\/city-tours-1024x691.jpg\",\"datePublished\":\"2020-09-30T09:06:22+00:00\",\"dateModified\":\"2020-10-12T14:02:36+00:00\",\"breadcrumb\":{\"@id\":\"https:\/\/www.turinpiedmontguides.com\/fr\/voyagistes\/#breadcrumb\"},\"inLanguage\":\"fr-FR\",\"potentialAction\":[{\"@type\":\"ReadAction\",\"target\":[\"https:\/\/www.turinpiedmontguides.com\/fr\/voyagistes\/\"]}]},{\"@type\":\"ImageObject\",\"inLanguage\":\"fr-FR\",\"@id\":\"https:\/\/www.turinpiedmontguides.com\/fr\/voyagistes\/#primaryimage\",\"url\":\"https:\/\/www.turinpiedmontguides.com\/wp-content\/uploads\/2020\/09\/city-tours-1024x691.jpg\",\"contentUrl\":\"https:\/\/www.turinpiedmontguides.com\/wp-content\/uploads\/2020\/09\/city-tours-1024x691.jpg\"},{\"@type\":\"BreadcrumbList\",\"@id\":\"https:\/\/www.turinpiedmontguides.com\/fr\/voyagistes\/#breadcrumb\",\"itemListElement\":[{\"@type\":\"ListItem\",\"position\":1,\"name\":\"Home\",\"item\":\"https:\/\/www.turinpiedmontguides.com\/fr\/\"},{\"@type\":\"ListItem\",\"position\":2,\"name\":\"Voyagistes\"}]},{\"@type\":\"WebSite\",\"@id\":\"https:\/\/www.turinpiedmontguides.com\/#website\",\"url\":\"https:\/\/www.turinpiedmontguides.com\/\",\"name\":\"Turin Piedmon Guides - Enjoy Piedmont\",\"description\":\"Visite guidate ed escursioni personalizzabili\",\"publisher\":{\"@id\":\"https:\/\/www.turinpiedmontguides.com\/#organization\"},\"potentialAction\":[{\"@type\":\"SearchAction\",\"target\":{\"@type\":\"EntryPoint\",\"urlTemplate\":\"https:\/\/www.turinpiedmontguides.com\/?s={search_term_string}\"},\"query-input\":{\"@type\":\"PropertyValueSpecification\",\"valueRequired\":true,\"valueName\":\"search_term_string\"}}],\"inLanguage\":\"fr-FR\"},{\"@type\":\"Organization\",\"@id\":\"https:\/\/www.turinpiedmontguides.com\/#organization\",\"name\":\"Turin Piedmon Guides - Enjoy Piedmont\",\"url\":\"https:\/\/www.turinpiedmontguides.com\/\",\"logo\":{\"@type\":\"ImageObject\",\"inLanguage\":\"fr-FR\",\"@id\":\"https:\/\/www.turinpiedmontguides.com\/#\/schema\/logo\/image\/\",\"url\":\"https:\/\/www.turinpiedmontguides.com\/wp-content\/uploads\/2020\/09\/logo-turin-v5-100h-1.png\",\"contentUrl\":\"https:\/\/www.turinpiedmontguides.com\/wp-content\/uploads\/2020\/09\/logo-turin-v5-100h-1.png\",\"width\":252,\"height\":100,\"caption\":\"Turin Piedmon Guides - Enjoy Piedmont\"},\"image\":{\"@id\":\"https:\/\/www.turinpiedmontguides.com\/#\/schema\/logo\/image\/\"}}]}<\/script>\n<!-- \/ Yoast SEO plugin. -->","yoast_head_json":{"title":"Voyagistes - Turin Piedmont Guides - Enjoy Piedmont","robots":{"index":"index","follow":"follow","max-snippet":"max-snippet:-1","max-image-preview":"max-image-preview:large","max-video-preview":"max-video-preview:-1"},"canonical":"https:\/\/www.turinpiedmontguides.com\/fr\/voyagistes\/","og_locale":"fr_FR","og_type":"article","og_title":"Voyagistes - Turin Piedmont Guides - Enjoy Piedmont","og_url":"https:\/\/www.turinpiedmontguides.com\/fr\/voyagistes\/","og_site_name":"Turin Piedmont Guides - Enjoy Piedmont","article_modified_time":"2020-10-12T14:02:36+00:00","og_image":[{"url":"https:\/\/www.turinpiedmontguides.com\/wp-content\/uploads\/2020\/09\/city-tours-1024x691.jpg"}],"twitter_card":"summary_large_image","twitter_misc":{"Dur\u00e9e de lecture estim\u00e9e":"2 minutes"},"schema":{"@context":"https:\/\/schema.org","@graph":[{"@type":"WebPage","@id":"https:\/\/www.turinpiedmontguides.com\/fr\/voyagistes\/","url":"https:\/\/www.turinpiedmontguides.com\/fr\/voyagistes\/","name":"Voyagistes - Turin Piedmont Guides - Enjoy Piedmont","isPartOf":{"@id":"https:\/\/www.turinpiedmontguides.com\/#website"},"primaryImageOfPage":{"@id":"https:\/\/www.turinpiedmontguides.com\/fr\/voyagistes\/#primaryimage"},"image":{"@id":"https:\/\/www.turinpiedmontguides.com\/fr\/voyagistes\/#primaryimage"},"thumbnailUrl":"https:\/\/www.turinpiedmontguides.com\/wp-content\/uploads\/2020\/09\/city-tours-1024x691.jpg","datePublished":"2020-09-30T09:06:22+00:00","dateModified":"2020-10-12T14:02:36+00:00","breadcrumb":{"@id":"https:\/\/www.turinpiedmontguides.com\/fr\/voyagistes\/#breadcrumb"},"inLanguage":"fr-FR","potentialAction":[{"@type":"ReadAction","target":["https:\/\/www.turinpiedmontguides.com\/fr\/voyagistes\/"]}]},{"@type":"ImageObject","inLanguage":"fr-FR","@id":"https:\/\/www.turinpiedmontguides.com\/fr\/voyagistes\/#primaryimage","url":"https:\/\/www.turinpiedmontguides.com\/wp-content\/uploads\/2020\/09\/city-tours-1024x691.jpg","contentUrl":"https:\/\/www.turinpiedmontguides.com\/wp-content\/uploads\/2020\/09\/city-tours-1024x691.jpg"},{"@type":"BreadcrumbList","@id":"https:\/\/www.turinpiedmontguides.com\/fr\/voyagistes\/#breadcrumb","itemListElement":[{"@type":"ListItem","position":1,"name":"Home","item":"https:\/\/www.turinpiedmontguides.com\/fr\/"},{"@type":"ListItem","position":2,"name":"Voyagistes"}]},{"@type":"WebSite","@id":"https:\/\/www.turinpiedmontguides.com\/#website","url":"https:\/\/www.turinpiedmontguides.com\/","name":"Turin Piedmon Guides - Enjoy Piedmont","description":"Visite guidate ed escursioni personalizzabili","publisher":{"@id":"https:\/\/www.turinpiedmontguides.com\/#organization"},"potentialAction":[{"@type":"SearchAction","target":{"@type":"EntryPoint","urlTemplate":"https:\/\/www.turinpiedmontguides.com\/?s={search_term_string}"},"query-input":{"@type":"PropertyValueSpecification","valueRequired":true,"valueName":"search_term_string"}}],"inLanguage":"fr-FR"},{"@type":"Organization","@id":"https:\/\/www.turinpiedmontguides.com\/#organization","name":"Turin Piedmon Guides - Enjoy Piedmont","url":"https:\/\/www.turinpiedmontguides.com\/","logo":{"@type":"ImageObject","inLanguage":"fr-FR","@id":"https:\/\/www.turinpiedmontguides.com\/#\/schema\/logo\/image\/","url":"https:\/\/www.turinpiedmontguides.com\/wp-content\/uploads\/2020\/09\/logo-turin-v5-100h-1.png","contentUrl":"https:\/\/www.turinpiedmontguides.com\/wp-content\/uploads\/2020\/09\/logo-turin-v5-100h-1.png","width":252,"height":100,"caption":"Turin Piedmon Guides - Enjoy Piedmont"},"image":{"@id":"https:\/\/www.turinpiedmontguides.com\/#\/schema\/logo\/image\/"}}]}},"_links":{"self":[{"href":"https:\/\/www.turinpiedmontguides.com\/fr\/wp-json\/wp\/v2\/pages\/1059"}],"collection":[{"href":"https:\/\/www.turinpiedmontguides.com\/fr\/wp-json\/wp\/v2\/pages"}],"about":[{"href":"https:\/\/www.turinpiedmontguides.com\/fr\/wp-json\/wp\/v2\/types\/page"}],"author":[{"embeddable":true,"href":"https:\/\/www.turinpiedmontguides.com\/fr\/wp-json\/wp\/v2\/users\/1"}],"replies":[{"embeddable":true,"href":"https:\/\/www.turinpiedmontguides.com\/fr\/wp-json\/wp\/v2\/comments?post=1059"}],"version-history":[{"count":4,"href":"https:\/\/www.turinpiedmontguides.com\/fr\/wp-json\/wp\/v2\/pages\/1059\/revisions"}],"predecessor-version":[{"id":1131,"href":"https:\/\/www.turinpiedmontguides.com\/fr\/wp-json\/wp\/v2\/pages\/1059\/revisions\/1131"}],"wp:attachment":[{"href":"https:\/\/www.turinpiedmontguides.com\/fr\/wp-json\/wp\/v2\/media?parent=1059"}],"curies":[{"name":"wp","href":"https:\/\/api.w.org\/{rel}","templated":true}]}}